{"id":280,"date":"2023-03-30T09:20:44","date_gmt":"2023-03-30T09:20:44","guid":{"rendered":"https:\/\/giacomostipitivich.com\/?page_id=280"},"modified":"2024-11-04T11:51:00","modified_gmt":"2024-11-04T11:51:00","slug":"come-venere-dal-mare-3","status":"publish","type":"page","link":"https:\/\/giacomostipitivich.com\/?page_id=280","title":{"rendered":"Come Venere dal Mare"},"content":{"rendered":"<p>[et_pb_section fb_built=&#8221;1&#8243; custom_padding_last_edited=&#8221;on|tablet&#8221; admin_label=&#8221;Header&#8221; _builder_version=&#8221;4.20.2&#8243; background_color=&#8221;#f9f6f5&#8243; background_image=&#8221;https:\/\/giacomostipitivich.com\/wp-content\/uploads\/2022\/03\/yoga-instrcutor_79.png&#8221; background_size=&#8221;contain&#8221; background_position=&#8221;top_right&#8221; custom_padding=&#8221;100px|||||&#8221; custom_padding_tablet=&#8221;60px||||false|false&#8221; custom_padding_phone=&#8221;&#8221; global_colors_info=&#8221;{}&#8221;][et_pb_row column_structure=&#8221;2_5,3_5&#8243; custom_padding_last_edited=&#8221;on|desktop&#8221; _builder_version=&#8221;4.16&#8243; background_color=&#8221;#ffffff&#8221; custom_padding=&#8221;30px|30px|30px|30px|true|true&#8221; custom_padding_tablet=&#8221;30px|20px|30px|20px|true|true&#8221; custom_padding_phone=&#8221;&#8221; global_colors_info=&#8221;{}&#8221;][et_pb_column type=&#8221;2_5&#8243; _builder_version=&#8221;4.16&#8243; global_colors_info=&#8221;{}&#8221;][et_pb_image src=&#8221;https:\/\/giacomostipitivich.com\/wp-content\/uploads\/2022\/05\/come-venere-dal-mare.jpg&#8221; title_text=&#8221;come-venere-dal-mare&#8221; _builder_version=&#8221;4.21.0&#8243; width=&#8221;150%&#8221; max_height_tablet=&#8221;400px&#8221; max_height_phone=&#8221;&#8221; max_height_last_edited=&#8221;on|tablet&#8221; custom_margin=&#8221;-77px||-5vw|-50px|false|false&#8221; custom_margin_tablet=&#8221;0px||0vw|0px|false|false&#8221; custom_margin_phone=&#8221;&#8221; custom_margin_last_edited=&#8221;on|tablet&#8221; hover_enabled=&#8221;0&#8243; global_colors_info=&#8221;{}&#8221; box_shadow_style=&#8221;preset1&#8243; box_shadow_blur=&#8221;32px&#8221; box_shadow_color=&#8221;rgba(0,0,0,0.06)&#8221; sticky_enabled=&#8221;0&#8243;][\/et_pb_image][\/et_pb_column][et_pb_column type=&#8221;3_5&#8243; _builder_version=&#8221;4.16&#8243; global_colors_info=&#8221;{}&#8221;][et_pb_text _builder_version=&#8221;4.20.2&#8243; text_font_size=&#8221;24px&#8221; text_line_height=&#8221;2em&#8221; header_font=&#8221;Domine||||||||&#8221; header_font_size=&#8221;70px&#8221; header_line_height=&#8221;1.3em&#8221; max_width=&#8221;800px&#8221; text_font_size_tablet=&#8221;18px&#8221; text_font_size_phone=&#8221;16px&#8221; text_font_size_last_edited=&#8221;on|phone&#8221; header_font_size_tablet=&#8221;48px&#8221; header_font_size_phone=&#8221;38px&#8221; header_font_size_last_edited=&#8221;on|phone&#8221; locked=&#8221;off&#8221; global_colors_info=&#8221;{}&#8221;]<\/p>\n<h1>Come Venere dal Mare<\/h1>\n<h3>Dalle ceneri dell&#8217;impero alla nascita di una citt\u00e0<\/h3>\n<p>[\/et_pb_text][et_pb_button button_url=&#8221;https:\/\/www.amazon.it\/Come-Venere-Mare-Giacomo-Stipitivich\/dp\/B087L8DX8M&#8221; url_new_window=&#8221;on&#8221; button_text=&#8221;Acquista il libro&#8221; _builder_version=&#8221;4.20.2&#8243; custom_button=&#8221;on&#8221; button_text_size=&#8221;12px&#8221; button_text_color=&#8221;#ffffff&#8221; button_bg_color=&#8221;#24394A&#8221; button_border_width=&#8221;0px&#8221; button_border_radius=&#8221;0px&#8221; button_letter_spacing=&#8221;4px&#8221; button_font=&#8221;|700||on|||||&#8221; custom_padding=&#8221;18px|30px|18px|30px|true|true&#8221; locked=&#8221;off&#8221; global_colors_info=&#8221;{}&#8221;][\/et_pb_button][\/et_pb_column][\/et_pb_row][\/et_pb_section][et_pb_section fb_built=&#8221;1&#8243; admin_label=&#8221;Pricing&#8221; _builder_version=&#8221;4.20.2&#8243; background_color=&#8221;#f9f6f5&#8243; background_image=&#8221;https:\/\/giacomostipitivich.com\/wp-content\/uploads\/2022\/03\/yoga-pattern-01-1.png&#8221; background_size=&#8221;initial&#8221; background_position=&#8221;top_left&#8221; background_repeat=&#8221;repeat&#8221; locked=&#8221;off&#8221; global_colors_info=&#8221;{}&#8221;][et_pb_row column_structure=&#8221;1_5,3_5,1_5&#8243; _builder_version=&#8221;4.16.0&#8243; custom_margin_tablet=&#8221;&#8221; custom_margin_phone=&#8221;||-20%||false|false&#8221; custom_margin_last_edited=&#8221;on|phone&#8221; locked=&#8221;off&#8221; global_colors_info=&#8221;{}&#8221;][et_pb_column type=&#8221;1_5&#8243; _builder_version=&#8221;4.16&#8243; global_colors_info=&#8221;{}&#8221;][\/et_pb_column][et_pb_column type=&#8221;3_5&#8243; _builder_version=&#8221;4.16&#8243; custom_padding=&#8221;100px||||false|false&#8221; custom_padding_tablet=&#8221;0px||||false|false&#8221; custom_padding_phone=&#8221;&#8221; custom_padding_last_edited=&#8221;on|phone&#8221; global_colors_info=&#8221;{}&#8221;][et_pb_text _builder_version=&#8221;4.20.2&#8243; text_font=&#8221;Domine||||||||&#8221; text_text_color=&#8221;#000000&#8243; text_font_size=&#8221;17px&#8221; text_line_height=&#8221;1.8em&#8221; header_3_font=&#8221;Domine|700|||||||&#8221; header_3_font_size=&#8221;18px&#8221; header_3_line_height=&#8221;1.8em&#8221; header_3_font_size_tablet=&#8221;&#8221; header_3_font_size_phone=&#8221;16px&#8221; header_3_font_size_last_edited=&#8221;on|phone&#8221; locked=&#8221;off&#8221; global_colors_info=&#8221;{}&#8221;]<\/p>\n<p><strong>V secolo dell\u2019era cristiana<\/strong>, l\u2019Impero Romano \u00e8 al tramonto, minato da cospirazioni e intrighi di palazzo e devastato dalle invasioni barbariche. Ci\u00f2 nonostante nella citt\u00e0 fortezza di Aquileia, estremo baluardo d\u2019Italia, la vita continua con le sue gioie e le sue miserie.I fratelli Massimo e Valerio guardano con fiducia all\u2019avvenire, ma presto dovranno fare i conti con l\u2019amara realt\u00e0 di quegli anni. La lite con un concittadino potente e vendicativo li costringer\u00e0 ad abbandonare la famiglia, la loro terra e le donne che amano. Nel frattempo, a oriente del Danubio, una nuova orda barbarica \u00e8 sul piede di guerra. Sono gli Unni di Attila, affamati di oro e conquiste. Dopo il loro passaggio l\u2019Impero precipita nel caos, le carestie e le pestilenze seguono gli invasori e il presente e il futuro appaiono sempre pi\u00f9 incerti. Comincia cos\u00ec una strenua lotta per la sopravvivenza che li porter\u00e0, seguendo la profezia di un a\u00f9gure degli antichi dei, a cercare rifugio e salvezza nel luogo dove terra e mare si legano. Nel primo capitolo del Ciclo della Serenissima, l\u2019autore ci accompagna in un viaggio a ritroso, al tempo in cui l\u2019Impero e i suoi Dei sono al tramonto e in un\u2019Europa che cambia sotto l\u2019influsso di genti nuove e di una nuova fede. Da Bisanzio all\u2019 Italia, passando per i campi di battaglia della Gallia, s\u2019intrecciano le storie di donne e uomini, di pagani e di cristiani, di imperatori e papi, di guerrieri e eunuchi, di romani e di barbari accomunati dal destino di profughi. Guidati dalla fede e dalla sete di giustizia parteciperanno alla costruzione di una nuova civilt\u00e0 che nascer\u00e0, come Venere, dal mare e che trover\u00e0 su di esso un glorioso e millenario futuro.<\/p>\n<p>[\/et_pb_text][\/et_pb_column][et_pb_column type=&#8221;1_5&#8243; _builder_version=&#8221;4.16&#8243; global_colors_info=&#8221;{}&#8221;][\/et_pb_column][\/et_pb_row][\/et_pb_section][et_pb_section fb_built=&#8221;1&#8243; admin_label=&#8221;Membership&#8221; _builder_version=&#8221;4.16&#8243; background_color=&#8221;#f9f6f5&#8243; background_enable_image=&#8221;off&#8221; background_size=&#8221;initial&#8221; background_position=&#8221;top_right&#8221; locked=&#8221;off&#8221; global_colors_info=&#8221;{}&#8221;][et_pb_row column_structure=&#8221;2_5,3_5&#8243; use_custom_gutter=&#8221;on&#8221; gutter_width=&#8221;1&#8243; _builder_version=&#8221;4.20.2&#8243; width=&#8221;100%&#8221; max_width=&#8221;1700px&#8221; global_colors_info=&#8221;{}&#8221;][et_pb_column type=&#8221;2_5&#8243; _builder_version=&#8221;4.16&#8243; global_colors_info=&#8221;{}&#8221;][et_pb_image src=&#8221;https:\/\/giacomostipitivich.com\/wp-content\/uploads\/2022\/05\/Incontro_di_leone_magno_e_attila.jpg&#8221; title_text=&#8221;Incontro_di_leone_magno_e_attila&#8221; _builder_version=&#8221;4.20.2&#8243; width=&#8221;229%&#8221; min_height_last_edited=&#8221;off|desktop&#8221; max_height_tablet=&#8221;400px&#8221; max_height_phone=&#8221;400px&#8221; max_height_last_edited=&#8221;on|tablet&#8221; custom_margin_tablet=&#8221;|||0px|false|false&#8221; custom_margin_last_edited=&#8221;off|desktop&#8221; filter_brightness=&#8221;64%&#8221; global_colors_info=&#8221;{}&#8221;][\/et_pb_image][\/et_pb_column][et_pb_column type=&#8221;3_5&#8243; _builder_version=&#8221;4.20.2&#8243; background_color=&#8221;#24394a&#8221; background_image=&#8221;https:\/\/giacomostipitivich.com\/wp-content\/uploads\/2022\/03\/yoga-tile-02.png&#8221; background_size=&#8221;initial&#8221; background_position=&#8221;top_left&#8221; background_repeat=&#8221;repeat&#8221; custom_padding=&#8221;10vw|10vw|10vw|60px|true|false&#8221; custom_padding_tablet=&#8221;50px|10vw|50px|10vw|true|true&#8221; custom_padding_phone=&#8221;30px||30px||true|false&#8221; custom_padding_last_edited=&#8221;on|phone&#8221; global_colors_info=&#8221;{}&#8221;][et_pb_text _builder_version=&#8221;4.20.2&#8243; header_2_font=&#8221;Domine||||||||&#8221; header_2_font_size=&#8221;5vw&#8221; header_2_line_height=&#8221;1.1em&#8221; background_layout=&#8221;dark&#8221; max_width=&#8221;800px&#8221; custom_margin=&#8221;|||-200px|false|false&#8221; custom_margin_tablet=&#8221;|||0px|false|false&#8221; custom_margin_phone=&#8221;&#8221; custom_margin_last_edited=&#8221;on|phone&#8221; header_2_font_size_tablet=&#8221;45px&#8221; header_2_font_size_phone=&#8221;35px&#8221; header_2_font_size_last_edited=&#8221;on|phone&#8221; locked=&#8221;off&#8221; global_colors_info=&#8221;{}&#8221;]<\/p>\n<h2>Recensione di Thriller Storici e dintorni<\/h2>\n<p>[\/et_pb_text][et_pb_text _builder_version=&#8221;4.20.2&#8243; text_line_height=&#8221;2.4em&#8221; background_layout=&#8221;dark&#8221; custom_margin=&#8221;||||false|false&#8221; custom_margin_tablet=&#8221;|0px||0px|false|false&#8221; custom_margin_last_edited=&#8221;off|desktop&#8221; locked=&#8221;off&#8221; global_colors_info=&#8221;{}&#8221;]<\/p>\n<p>Questo libro \u00e8 stato per me una vera sorpresa. Ho Iniziato la lettura molto prevenuta per il periodo storico , V secolo d.C., periodo che conoscevo molto superficialmente e in modo molto confuso. A me, per\u00f2, piacciono le sfide e ho accettato di leggerlo e \u2026 non so se paragonare l\u2019evento, senza passare per presuntuosa, alla \u201cfermata\u201d di Attila da parte di Leone I (tanto per stare a tema con il romanzo), ma come il Papa convinse il re degli Unni a ritirarsi, Giacomo Stipitivich con questo romanzo ha completamente ribaltato tutte le mie opinioni e pregiudizi su questo periodo storico, facendo chiarezza e dissolvendo tutta la confusione storica che avevo su invasioni barbariche, imperi d\u2019oriente e occidente, Costantinopoli, Ravenna, Roma \u2026<\/p>\n<p>&nbsp;<\/p>\n<p>[\/et_pb_text][et_pb_button button_url=&#8221;https:\/\/www.thrillerstoriciedintorni.it\/2020\/06\/16\/come-venere-dal-mare-giacomo-stipitivich\/&#8221; url_new_window=&#8221;on&#8221; button_text=&#8221;Leggi recensione completa&#8221; _builder_version=&#8221;4.20.2&#8243; custom_button=&#8221;on&#8221; button_text_size=&#8221;12px&#8221; button_text_color=&#8221;#ffffff&#8221; button_bg_color=&#8221;rgba(0,0,0,0)&#8221; button_border_width=&#8221;2px&#8221; button_border_color=&#8221;#ffffff&#8221; button_border_radius=&#8221;0px&#8221; button_letter_spacing=&#8221;4px&#8221; button_font=&#8221;|700||on|||||&#8221; custom_margin=&#8221;48px||||false|false&#8221; custom_margin_tablet=&#8221;|||0px|false|false&#8221; custom_margin_last_edited=&#8221;off|desktop&#8221; custom_padding=&#8221;18px|30px|18px|30px|true|true&#8221; locked=&#8221;off&#8221; global_colors_info=&#8221;{}&#8221;][\/et_pb_button][\/et_pb_column][\/et_pb_row][\/et_pb_section][et_pb_section fb_built=&#8221;1&#8243; admin_label=&#8221;Subscribe&#8221; _builder_version=&#8221;4.21.0&#8243; background_color=&#8221;#f9f6f5&#8243; background_enable_image=&#8221;off&#8221; background_size=&#8221;initial&#8221; custom_padding=&#8221;||0px||false|false&#8221; hover_enabled=&#8221;0&#8243; locked=&#8221;off&#8221; global_colors_info=&#8221;{}&#8221; disabled_on=&#8221;on|on|on&#8221; disabled=&#8221;on&#8221; sticky_enabled=&#8221;0&#8243;][et_pb_row column_structure=&#8221;1_2,1_2&#8243; make_equal=&#8221;on&#8221; _builder_version=&#8221;4.16&#8243; background_enable_color=&#8221;off&#8221; custom_padding=&#8221;||0px|||&#8221; global_colors_info=&#8221;{}&#8221;][et_pb_column type=&#8221;1_2&#8243; _builder_version=&#8221;4.16&#8243; background_color=&#8221;#ffffff&#8221; custom_padding=&#8221;160px|60px|100px|60px|false|true&#8221; custom_padding_tablet=&#8221;50px|30px|50px|30px|true|true&#8221; custom_padding_phone=&#8221;|20px||20px|true|true&#8221; custom_padding_last_edited=&#8221;on|phone&#8221; box_shadow_style=&#8221;preset4&#8243; box_shadow_horizontal=&#8221;220px&#8221; box_shadow_vertical=&#8221;0px&#8221; box_shadow_color=&#8221;#ffffff&#8221; global_colors_info=&#8221;{}&#8221;][et_pb_text _builder_version=&#8221;4.20.2&#8243; text_line_height=&#8221;2.4em&#8221; header_2_font=&#8221;Domine||||||||&#8221; header_2_font_size=&#8221;60px&#8221; header_2_line_height=&#8221;1.3em&#8221; max_width=&#8221;800px&#8221; header_2_font_size_tablet=&#8221;45px&#8221; header_2_font_size_phone=&#8221;35px&#8221; header_2_font_size_last_edited=&#8221;on|phone&#8221; locked=&#8221;off&#8221; global_colors_info=&#8221;{}&#8221;]<\/p>\n<h2>Titolo articolo<\/h2>\n<p>Nulla porttitor accumsan tincidunt. Pellentesque in ipsum id orci porta dapibus. Lorem ipsum dolor sit amet, consectetur adipiscing elit. Vivamus suscipit tortor eget felis porttitor volutpat.<\/p>\n<p>[\/et_pb_text][et_pb_button button_text=&#8221;Leggi l&#8217;articolo&#8221; _builder_version=&#8221;4.20.2&#8243; custom_button=&#8221;on&#8221; button_text_size=&#8221;12px&#8221; button_text_color=&#8221;#ffffff&#8221; button_bg_color=&#8221;#24394A&#8221; button_border_width=&#8221;0px&#8221; button_border_radius=&#8221;0px&#8221; button_letter_spacing=&#8221;4px&#8221; button_font=&#8221;|700||on|||||&#8221; custom_padding=&#8221;18px|30px|18px|30px|true|true&#8221; locked=&#8221;off&#8221; global_colors_info=&#8221;{}&#8221;][\/et_pb_button][\/et_pb_column][et_pb_column type=&#8221;1_2&#8243; _builder_version=&#8221;4.16&#8243; global_colors_info=&#8221;{}&#8221;][et_pb_image src=&#8221;https:\/\/giacomostipitivich.com\/wp-content\/uploads\/2023\/03\/310px-Artgate_Fondazione_Cariplo_-_Hayez_Francesco_Papa_Urbano_II_sulla_piazza_di_Clermont_predica_la_prima_crociata.jpeg&#8221; title_text=&#8221;310px-Artgate_Fondazione_Cariplo_-_Hayez_Francesco,_Papa_Urbano_II_sulla_piazza_di_Clermont_predica_la_prima_crociata&#8221; _builder_version=&#8221;4.20.2&#8243; positioning=&#8221;absolute&#8221; position_origin_a=&#8221;bottom_right&#8221; vertical_offset=&#8221;195px&#8221; horizontal_offset=&#8221;-157px&#8221; position_origin_a_tablet=&#8221;&#8221; position_origin_a_phone=&#8221;&#8221; position_origin_a_last_edited=&#8221;on|tablet&#8221; position_origin_f_tablet=&#8221;&#8221; position_origin_f_phone=&#8221;&#8221; position_origin_f_last_edited=&#8221;on|tablet&#8221; position_origin_r_tablet=&#8221;&#8221; position_origin_r_phone=&#8221;&#8221; position_origin_r_last_edited=&#8221;on|tablet&#8221; width=&#8221;150%&#8221; max_height_tablet=&#8221;400px&#8221; max_height_phone=&#8221;&#8221; max_height_last_edited=&#8221;on|tablet&#8221; custom_margin=&#8221;|-3vw|||false|false&#8221; positioning_tablet=&#8221;none&#8221; positioning_phone=&#8221;&#8221; positioning_last_edited=&#8221;on|tablet&#8221; box_shadow_style=&#8221;preset4&#8243; box_shadow_horizontal=&#8221;22vw&#8221; box_shadow_vertical=&#8221;0px&#8221; box_shadow_color=&#8221;#F9F6F5&#8243; box_shadow_color_tablet=&#8221;rgba(0,0,0,0)&#8221; box_shadow_color_last_edited=&#8221;off|desktop&#8221; locked=&#8221;off&#8221; global_colors_info=&#8221;{}&#8221;][\/et_pb_image][\/et_pb_column][\/et_pb_row][\/et_pb_section]<\/p>\n","protected":false},"excerpt":{"rendered":"<p>Come Venere dal Mare Dalle ceneri dell&#8217;impero alla nascita di una citt\u00e0V secolo dell\u2019era cristiana, l\u2019Impero Romano \u00e8 al tramonto, minato da cospirazioni e intrighi di palazzo e devastato dalle invasioni barbariche. Ci\u00f2 nonostante nella citt\u00e0 fortezza di Aquileia, estremo baluardo d\u2019Italia, la vita continua con le sue gioie e le sue miserie.I fratelli Massimo [&hellip;]<\/p>\n","protected":false},"author":4,"featured_media":0,"parent":0,"menu_order":0,"comment_status":"closed","ping_status":"closed","template":"","meta":{"_et_pb_use_builder":"on","_et_pb_old_content":"","_et_gb_content_width":"","om_disable_all_campaigns":false,"_monsterinsights_skip_tracking":false,"_monsterinsights_sitenote_active":false,"_monsterinsights_sitenote_note":"","_monsterinsights_sitenote_category":0,"footnotes":""},"class_list":["post-280","page","type-page","status-publish","hentry"],"yoast_head":"<!-- This site is optimized with the Yoast SEO plugin v26.8 - https:\/\/yoast.com\/product\/yoast-seo-wordpress\/ -->\n<title>Come Venere dal Mare - Giacomo Stipitivich<\/title>\n<meta name=\"robots\" content=\"index, follow, max-snippet:-1, max-image-preview:large, max-video-preview:-1\" \/>\n<link rel=\"canonical\" href=\"https:\/\/giacomostipitivich.com\/?page_id=280\" \/>\n<meta property=\"og:locale\" content=\"en_US\" \/>\n<meta property=\"og:type\" content=\"article\" \/>\n<meta property=\"og:title\" content=\"Come Venere dal Mare - Giacomo Stipitivich\" \/>\n<meta property=\"og:description\" content=\"Come Venere dal Mare Dalle ceneri dell&#039;impero alla nascita di una citt\u00e0V secolo dell\u2019era cristiana, l\u2019Impero Romano \u00e8 al tramonto, minato da cospirazioni e intrighi di palazzo e devastato dalle invasioni barbariche. Ci\u00f2 nonostante nella citt\u00e0 fortezza di Aquileia, estremo baluardo d\u2019Italia, la vita continua con le sue gioie e le sue miserie.I fratelli Massimo [&hellip;]\" \/>\n<meta property=\"og:url\" content=\"https:\/\/giacomostipitivich.com\/?page_id=280\" \/>\n<meta property=\"og:site_name\" content=\"Giacomo Stipitivich\" \/>\n<meta property=\"article:modified_time\" content=\"2024-11-04T11:51:00+00:00\" \/>\n<meta name=\"twitter:card\" content=\"summary_large_image\" \/>\n<script type=\"application\/ld+json\" class=\"yoast-schema-graph\">{\"@context\":\"https:\/\/schema.org\",\"@graph\":[{\"@type\":\"WebPage\",\"@id\":\"https:\/\/giacomostipitivich.com\/?page_id=280\",\"url\":\"https:\/\/giacomostipitivich.com\/?page_id=280\",\"name\":\"Come Venere dal Mare - Giacomo Stipitivich\",\"isPartOf\":{\"@id\":\"http:\/\/box2128.temp.domains\/~giacomp4\/#website\"},\"datePublished\":\"2023-03-30T09:20:44+00:00\",\"dateModified\":\"2024-11-04T11:51:00+00:00\",\"breadcrumb\":{\"@id\":\"https:\/\/giacomostipitivich.com\/?page_id=280#breadcrumb\"},\"inLanguage\":\"en-US\",\"potentialAction\":[{\"@type\":\"ReadAction\",\"target\":[\"https:\/\/giacomostipitivich.com\/?page_id=280\"]}]},{\"@type\":\"BreadcrumbList\",\"@id\":\"https:\/\/giacomostipitivich.com\/?page_id=280#breadcrumb\",\"itemListElement\":[{\"@type\":\"ListItem\",\"position\":1,\"name\":\"Home\",\"item\":\"https:\/\/giacomostipitivich.com\/\"},{\"@type\":\"ListItem\",\"position\":2,\"name\":\"Come Venere dal Mare\"}]},{\"@type\":\"WebSite\",\"@id\":\"http:\/\/box2128.temp.domains\/~giacomp4\/#website\",\"url\":\"http:\/\/box2128.temp.domains\/~giacomp4\/\",\"name\":\"Giacomo Stipitivich\",\"description\":\"\",\"potentialAction\":[{\"@type\":\"SearchAction\",\"target\":{\"@type\":\"EntryPoint\",\"urlTemplate\":\"http:\/\/box2128.temp.domains\/~giacomp4\/?s={search_term_string}\"},\"query-input\":{\"@type\":\"PropertyValueSpecification\",\"valueRequired\":true,\"valueName\":\"search_term_string\"}}],\"inLanguage\":\"en-US\"}]}<\/script>\n<!-- \/ Yoast SEO plugin. -->","yoast_head_json":{"title":"Come Venere dal Mare - Giacomo Stipitivich","robots":{"index":"index","follow":"follow","max-snippet":"max-snippet:-1","max-image-preview":"max-image-preview:large","max-video-preview":"max-video-preview:-1"},"canonical":"https:\/\/giacomostipitivich.com\/?page_id=280","og_locale":"en_US","og_type":"article","og_title":"Come Venere dal Mare - Giacomo Stipitivich","og_description":"Come Venere dal Mare Dalle ceneri dell'impero alla nascita di una citt\u00e0V secolo dell\u2019era cristiana, l\u2019Impero Romano \u00e8 al tramonto, minato da cospirazioni e intrighi di palazzo e devastato dalle invasioni barbariche. Ci\u00f2 nonostante nella citt\u00e0 fortezza di Aquileia, estremo baluardo d\u2019Italia, la vita continua con le sue gioie e le sue miserie.I fratelli Massimo [&hellip;]","og_url":"https:\/\/giacomostipitivich.com\/?page_id=280","og_site_name":"Giacomo Stipitivich","article_modified_time":"2024-11-04T11:51:00+00:00","twitter_card":"summary_large_image","schema":{"@context":"https:\/\/schema.org","@graph":[{"@type":"WebPage","@id":"https:\/\/giacomostipitivich.com\/?page_id=280","url":"https:\/\/giacomostipitivich.com\/?page_id=280","name":"Come Venere dal Mare - Giacomo Stipitivich","isPartOf":{"@id":"http:\/\/box2128.temp.domains\/~giacomp4\/#website"},"datePublished":"2023-03-30T09:20:44+00:00","dateModified":"2024-11-04T11:51:00+00:00","breadcrumb":{"@id":"https:\/\/giacomostipitivich.com\/?page_id=280#breadcrumb"},"inLanguage":"en-US","potentialAction":[{"@type":"ReadAction","target":["https:\/\/giacomostipitivich.com\/?page_id=280"]}]},{"@type":"BreadcrumbList","@id":"https:\/\/giacomostipitivich.com\/?page_id=280#breadcrumb","itemListElement":[{"@type":"ListItem","position":1,"name":"Home","item":"https:\/\/giacomostipitivich.com\/"},{"@type":"ListItem","position":2,"name":"Come Venere dal Mare"}]},{"@type":"WebSite","@id":"http:\/\/box2128.temp.domains\/~giacomp4\/#website","url":"http:\/\/box2128.temp.domains\/~giacomp4\/","name":"Giacomo Stipitivich","description":"","potentialAction":[{"@type":"SearchAction","target":{"@type":"EntryPoint","urlTemplate":"http:\/\/box2128.temp.domains\/~giacomp4\/?s={search_term_string}"},"query-input":{"@type":"PropertyValueSpecification","valueRequired":true,"valueName":"search_term_string"}}],"inLanguage":"en-US"}]}},"jetpack_sharing_enabled":true,"_links":{"self":[{"href":"https:\/\/giacomostipitivich.com\/index.php?rest_route=\/wp\/v2\/pages\/280","targetHints":{"allow":["GET"]}}],"collection":[{"href":"https:\/\/giacomostipitivich.com\/index.php?rest_route=\/wp\/v2\/pages"}],"about":[{"href":"https:\/\/giacomostipitivich.com\/index.php?rest_route=\/wp\/v2\/types\/page"}],"author":[{"embeddable":true,"href":"https:\/\/giacomostipitivich.com\/index.php?rest_route=\/wp\/v2\/users\/4"}],"replies":[{"embeddable":true,"href":"https:\/\/giacomostipitivich.com\/index.php?rest_route=%2Fwp%2Fv2%2Fcomments&post=280"}],"version-history":[{"count":4,"href":"https:\/\/giacomostipitivich.com\/index.php?rest_route=\/wp\/v2\/pages\/280\/revisions"}],"predecessor-version":[{"id":304,"href":"https:\/\/giacomostipitivich.com\/index.php?rest_route=\/wp\/v2\/pages\/280\/revisions\/304"}],"wp:attachment":[{"href":"https:\/\/giacomostipitivich.com\/index.php?rest_route=%2Fwp%2Fv2%2Fmedia&parent=280"}],"curies":[{"name":"wp","href":"https:\/\/api.w.org\/{rel}","templated":true}]}}