{"id":328,"date":"2024-10-31T16:09:21","date_gmt":"2024-10-31T16:09:21","guid":{"rendered":"https:\/\/giacomostipitivich.com\/?page_id=328"},"modified":"2024-11-04T11:49:58","modified_gmt":"2024-11-04T11:49:58","slug":"ad-1348","status":"publish","type":"page","link":"https:\/\/giacomostipitivich.com\/?page_id=328","title":{"rendered":"A.D. 1348 &#8211; La congiura dei sopravvissuti"},"content":{"rendered":"\n[et_pb_section fb_built=&#8221;1&#8243; admin_label=&#8221;Hero&#8221; _builder_version=&#8221;4.25.2&#8243; _module_preset=&#8221;default&#8221; use_background_color_gradient=&#8221;on&#8221; background_color_gradient_direction=&#8221;148deg&#8221; background_color_gradient_stops=&#8221;#ffffff 30%|rgba(255,255,255,0.86) 100%&#8221; background_color_gradient_overlays_image=&#8221;on&#8221; background_color_gradient_start=&#8221;rgba(0,0,0,0.5)&#8221; background_color_gradient_end=&#8221;rgba(0,0,0,0.75)&#8221; background_image=&#8221;https:\/\/images.unsplash.com\/photo-1501908734255-16579c18c25f?ixid=M3w1ODkyNzF8MHwxfHNlYXJjaHw1fHxpbnNwaXJpbmclMjBsYW5kc2NhcGV8ZW58MHwwfHx8MTczMDM1MjU0MHww&#038;ixlib=rb-4.0.3&#038;fm=webp&#038;fit=crop&#038;crop=entropy&#038;w=1920&#038;h=1080&#038;q=20&#038;dpr=2&#8243; custom_padding=&#8221;8vw||||false|false&#8221; locked=&#8221;off&#8221; collapsed=&#8221;on&#8221; global_colors_info=&#8221;{}&#8221; theme_builder_area=&#8221;post_content&#8221; custom_margin=&#8221;||-291px|||&#8221;][\/et_pb_section][et_pb_section fb_built=&#8221;1&#8243; admin_label=&#8221;Text &#038; Image&#8221; _builder_version=&#8221;4.18.0&#8243; _module_preset=&#8221;default&#8221; locked=&#8221;off&#8221; collapsed=&#8221;on&#8221; global_colors_info=&#8221;{}&#8221; theme_builder_area=&#8221;post_content&#8221; min_height=&#8221;1122px&#8221;][et_pb_row _builder_version=&#8221;4.24.2&#8243; _module_preset=&#8221;5138c454-be54-4233-bd3b-f8e6a8747976&#8243; locked=&#8221;off&#8221; global_colors_info=&#8221;{}&#8221; theme_builder_area=&#8221;post_content&#8221; min_height=&#8221;424.7px&#8221;][et_pb_column type=&#8221;4_4&#8243; _builder_version=&#8221;4.23.1&#8243; _module_preset=&#8221;73121f80-a3ef-4484-8763-c3f18e3c56d2&#8243; global_colors_info=&#8221;{}&#8221; theme_builder_area=&#8221;post_content&#8221;][et_pb_heading title=&#8221;Una storia di peste, guerra e congiura&#8221; _builder_version=&#8221;4.27.2&#8243; _module_preset=&#8221;f0c675ea-2574-4d0e-b725-30f8550a8550&#8243; title_level=&#8221;h4&#8243; title_font=&#8221;Source Sans Pro|Playfair Display_weight||on|||||&#8221; title_text_color=&#8221;#22577a&#8221; title_font_size=&#8221;14px&#8221; title_letter_spacing=&#8221;1px&#8221; title_line_height=&#8221;1.4em&#8221; custom_margin=&#8221;||10px||false|false&#8221; hover_enabled=&#8221;0&#8243; title_font_size_tablet=&#8221;13px&#8221; title_font_size_phone=&#8221;13px&#8221; title_font_size_last_edited=&#8221;on|desktop&#8221; locked=&#8221;off&#8221; global_colors_info=&#8221;{%22#22577a%22:%91%22title_text_color%22%93}&#8221; theme_builder_area=&#8221;post_content&#8221; sticky_enabled=&#8221;0&#8243;][\/et_pb_heading][et_pb_heading title=&#8221;A.D. 1348 &#8211; LA CONGIURA DEI SOPRAVVISSUTI&#8221; _builder_version=&#8221;4.24.2&#8243; _module_preset=&#8221;ddeb8c09-9078-4424-bc15-2efb6572e28e&#8221; title_font=&#8221;Playfair Display|Playfair Display_weight|||||||&#8221; title_text_color=&#8221;#111111&#8243; title_font_size=&#8221;72px&#8221; title_line_height=&#8221;1.15em&#8221; title_font_size_tablet=&#8221;40px&#8221; title_font_size_phone=&#8221;24px&#8221; title_font_size_last_edited=&#8221;on|phone&#8221; locked=&#8221;off&#8221; global_colors_info=&#8221;{}&#8221; theme_builder_area=&#8221;post_content&#8221;][\/et_pb_heading][\/et_pb_column][\/et_pb_row][et_pb_row column_structure=&#8221;1_2,1_2&#8243; _builder_version=&#8221;4.18.0&#8243; _module_preset=&#8221;5138c454-be54-4233-bd3b-f8e6a8747976&#8243; global_colors_info=&#8221;{}&#8221; theme_builder_area=&#8221;post_content&#8221; custom_margin=&#8221;|auto|130px|auto||&#8221;][et_pb_column type=&#8221;1_2&#8243; _builder_version=&#8221;4.18.0&#8243; _module_preset=&#8221;73121f80-a3ef-4484-8763-c3f18e3c56d2&#8243; global_colors_info=&#8221;{}&#8221; theme_builder_area=&#8221;post_content&#8221;][et_pb_image src=&#8221;https:\/\/giacomostipitivich.com\/wp-content\/uploads\/2024\/10\/1348.jpg&#8221; title_text=&#8221;1348&#8243; _builder_version=&#8221;4.27.2&#8243; _module_preset=&#8221;8249bb47-7bda-4c77-8a37-2a958f7a9826&#8243; hover_enabled=&#8221;0&#8243; border_radii=&#8221;on|6px|6px|6px|6px&#8221; global_colors_info=&#8221;{}&#8221; theme_builder_area=&#8221;post_content&#8221; sticky_enabled=&#8221;0&#8243;][\/et_pb_image][\/et_pb_column][et_pb_column type=&#8221;1_2&#8243; _builder_version=&#8221;4.16&#8243; _module_preset=&#8221;73121f80-a3ef-4484-8763-c3f18e3c56d2&#8243; global_colors_info=&#8221;{}&#8221; theme_builder_area=&#8221;post_content&#8221;][et_pb_button button_text=&#8221;LEGGILO ORA&#8221; _builder_version=&#8221;4.27.2&#8243; _module_preset=&#8221;1bffc0fc-42a0-49d1-bd9a-ae3ade2d7206&#8243; custom_button=&#8221;on&#8221; button_text_size=&#8221;14px&#8221; button_text_color=&#8221;#FFFFFF&#8221; button_bg_color=&#8221;#57cc99&#8243; button_border_width=&#8221;0px&#8221; button_border_radius=&#8221;100px&#8221; button_font=&#8221;Source Sans Pro|700|||||||&#8221; custom_padding=&#8221;12px|24px|12px|24px|true|true&#8221; hover_enabled=&#8221;0&#8243; locked=&#8221;off&#8221; global_colors_info=&#8221;{%22#57cc99%22:%91%22button_bg_color%22%93}&#8221; custom_padding__hover_enabled=&#8221;off|desktop&#8221; custom_padding__hover=&#8221;|28px||20px|true|false&#8221; theme_builder_area=&#8221;post_content&#8221; sticky_enabled=&#8221;0&#8243; button_url=&#8221;https:\/\/www.amazon.it\/D-1348-congiura-sopravvissuti-Serenissima-ebook\/dp\/B0C66FKH3S\/ref=pd_sim_d_sccl_3_1\/262-0552077-5427063?pd_rd_w=ERXLp&#038;content-id=amzn1.sym.9a3d7042-7d46-4cfa-bf00-ab56a745a02d&#038;pf_rd_p=9a3d7042-7d46-4cfa-bf00-ab56a745a02d&#038;pf_rd_r=5ZAT3DV5PW4165FS3DQ6&#038;pd_rd_wg=kUgFD&#038;pd_rd_r=db92f044-4cf4-432e-8e13-3db0db506bff&#038;pd_rd_i=B0C66FKH3S&#038;psc=1&#8243;][\/et_pb_button][et_pb_text quote_border_color=&#8221;#57cc99&#8243; _builder_version=&#8221;4.24.2&#8243; _module_preset=&#8221;2c55a9c4-feed-423b-9edb-ae0b5b365cac&#8221; text_font=&#8221;Source Sans Pro|Source Sans Pro_weight|||||||&#8221; text_text_color=&#8221;rgba(0,0,0,0.64)&#8221; text_font_size=&#8221;16px&#8221; text_line_height=&#8221;1.75em&#8221; link_font=&#8221;|Source Sans Pro_weight|||||||&#8221; link_text_color=&#8221;#22577a&#8221; quote_font=&#8221;Playfair Display|Playfair Display_weight|||||||&#8221; quote_text_color=&#8221;#111111&#8243; header_font=&#8221;Playfair Display|Playfair Display_weight|||||||&#8221; header_text_color=&#8221;#111111&#8243; header_font_size=&#8221;72px&#8221; header_line_height=&#8221;1.15em&#8221; header_2_font=&#8221;Playfair Display|Playfair Display_weight|||||||&#8221; header_2_text_color=&#8221;#111111&#8243; header_2_font_size=&#8221;50px&#8221; header_2_line_height=&#8221;1.2em&#8221; header_3_font=&#8221;Playfair Display|Playfair Display_weight|||||||&#8221; header_3_text_color=&#8221;#111111&#8243; header_3_font_size=&#8221;32px&#8221; header_3_line_height=&#8221;1.3em&#8221; header_4_font=&#8221;Playfair Display|Playfair Display_weight|||||||&#8221; header_4_text_color=&#8221;#111111&#8243; header_4_font_size=&#8221;24px&#8221; header_4_line_height=&#8221;1.4em&#8221; header_5_font=&#8221;Playfair Display|Playfair Display_weight|||||||&#8221; header_5_text_color=&#8221;#111111&#8243; header_5_font_size=&#8221;18px&#8221; header_5_line_height=&#8221;1.4em&#8221; header_6_font=&#8221;Playfair Display|Playfair Display_weight|||||||&#8221; header_6_text_color=&#8221;#111111&#8243; header_6_line_height=&#8221;1.5em&#8221; custom_margin=&#8221;||||false|false&#8221; text_font_size_tablet=&#8221;15px&#8221; text_font_size_phone=&#8221;14px&#8221; text_font_size_last_edited=&#8221;on|phone&#8221; header_font_size_tablet=&#8221;40px&#8221; header_font_size_phone=&#8221;24px&#8221; header_font_size_last_edited=&#8221;on|desktop&#8221; header_2_font_size_tablet=&#8221;28px&#8221; header_2_font_size_phone=&#8221;20px&#8221; header_2_font_size_last_edited=&#8221;on|phone&#8221; header_3_font_size_tablet=&#8221;22px&#8221; header_3_font_size_phone=&#8221;17px&#8221; header_3_font_size_last_edited=&#8221;on|phone&#8221; header_4_font_size_tablet=&#8221;18px&#8221; header_4_font_size_phone=&#8221;15px&#8221; header_4_font_size_last_edited=&#8221;on|tablet&#8221; header_5_font_size_tablet=&#8221;15px&#8221; header_5_font_size_phone=&#8221;14px&#8221; header_5_font_size_last_edited=&#8221;on|desktop&#8221; header_6_font_size_tablet=&#8221;13px&#8221; header_6_font_size_phone=&#8221;13px&#8221; header_6_font_size_last_edited=&#8221;on|desktop&#8221; locked=&#8221;off&#8221; global_colors_info=&#8221;{}&#8221; theme_builder_area=&#8221;post_content&#8221;]<p><span style=\"color: #000000;\">Anno Domini 1343. Nella colonia veneziana di Tana, al confine dell&#8217;impero dei Tartari, una rissa tra mercanti costringe il giovane patrizio Michele Zorzi a fuggire verso oriente insieme al nobile genovese Baliano. Sotto il cielo della steppa, i due stringono un&#8217;amicizia destinata ad essere messa innumerevoli volte alla prova. Nel frattempo, in un mondo funestato dal gelo e dalla guerra, un nemico invisibile ma pi\u00f9 letale di qualsiasi esercito si avvicina alle porte dell&#8217;Europa. Con s\u00e9 poter\u00e0 lutto e rovina di cui Michele e Baliano saranno involontari testimoni.<\/span><br \/><span style=\"color: #000000;\">In un affresco del Mediterraneo trecentesco, Giacomo Stipitivich ci conduce attraverso una storia di guerra e tragedia, di complotti, amicizia e speranza.<\/span><br \/><span style=\"color: #000000;\">Un frate costretto a confrontare le sue paure, un nobile furbo e ambizioso, due citt\u00e0 martoriate dai conflitti intestini e una moltitudine di uomini e donne rimasti soli al mondo accompagnano il lettore in un&#8217;avventura medievale tra battaglie navali, intrighi, pandemie e congiure.<\/span><br \/><span style=\"color: #000000;\">Una grande rievocazione storica che tocca una dimensione epica e tragica, in cui il lettore viene trasportato al tempo del dominio dei Mongoli sulla Russia e l&#8217;Ucraina e delle flotte italiane sui mari. Steppe, foreste, colonie mercantili, monasteri, palazzi del potere e campi di battaglia fanno da sfondo ai fatti della vita quotidiana di veneziani e mongoli, greci e genovesi, monaci e fanciulle, patrizi e popolani, dogi e guerrieri.<\/span><br \/><span style=\"color: #000000;\">Stipitivich fa rivivere un&#8217;epoca affascinante e dimenticata dove lutto e rinascita si fondono in una storia in cui si intrecciano le vicende di uomini e donne che cercheranno con ogni mezzo di superare la grande tempesta.<\/span><\/p>[\/et_pb_text][\/et_pb_column][\/et_pb_row][\/et_pb_section]\n","protected":false},"excerpt":{"rendered":"<p>Anno Domini 1343. Nella colonia veneziana di Tana, al confine dell&#8217;impero dei Tartari, una rissa tra mercanti costringe il giovane patrizio Michele Zorzi a fuggire verso oriente insieme al nobile genovese Baliano. Sotto il cielo della steppa, i due stringono un&#8217;amicizia destinata ad essere messa innumerevoli volte alla prova. Nel frattempo, in un mondo funestato [&hellip;]<\/p>\n","protected":false},"author":4,"featured_media":0,"parent":0,"menu_order":0,"comment_status":"closed","ping_status":"closed","template":"","meta":{"_et_pb_use_builder":"on","_et_pb_old_content":"","_et_gb_content_width":"","om_disable_all_campaigns":false,"_monsterinsights_skip_tracking":false,"_monsterinsights_sitenote_active":false,"_monsterinsights_sitenote_note":"","_monsterinsights_sitenote_category":0,"footnotes":""},"class_list":["post-328","page","type-page","status-publish","hentry"],"yoast_head":"<!-- This site is optimized with the Yoast SEO plugin v26.8 - https:\/\/yoast.com\/product\/yoast-seo-wordpress\/ -->\n<title>A.D. 1348 - La congiura dei sopravvissuti - Giacomo Stipitivich<\/title>\n<meta name=\"robots\" content=\"index, follow, max-snippet:-1, max-image-preview:large, max-video-preview:-1\" \/>\n<link rel=\"canonical\" href=\"https:\/\/giacomostipitivich.com\/?page_id=328\" \/>\n<meta property=\"og:locale\" content=\"en_US\" \/>\n<meta property=\"og:type\" content=\"article\" \/>\n<meta property=\"og:title\" content=\"A.D. 1348 - La congiura dei sopravvissuti - Giacomo Stipitivich\" \/>\n<meta property=\"og:description\" content=\"Anno Domini 1343. Nella colonia veneziana di Tana, al confine dell&#039;impero dei Tartari, una rissa tra mercanti costringe il giovane patrizio Michele Zorzi a fuggire verso oriente insieme al nobile genovese Baliano. Sotto il cielo della steppa, i due stringono un&#039;amicizia destinata ad essere messa innumerevoli volte alla prova. Nel frattempo, in un mondo funestato [&hellip;]\" \/>\n<meta property=\"og:url\" content=\"https:\/\/giacomostipitivich.com\/?page_id=328\" \/>\n<meta property=\"og:site_name\" content=\"Giacomo Stipitivich\" \/>\n<meta property=\"article:modified_time\" content=\"2024-11-04T11:49:58+00:00\" \/>\n<meta name=\"twitter:card\" content=\"summary_large_image\" \/>\n<meta name=\"twitter:label1\" content=\"Est. reading time\" \/>\n\t<meta name=\"twitter:data1\" content=\"2 minutes\" \/>\n<script type=\"application\/ld+json\" class=\"yoast-schema-graph\">{\"@context\":\"https:\/\/schema.org\",\"@graph\":[{\"@type\":\"WebPage\",\"@id\":\"https:\/\/giacomostipitivich.com\/?page_id=328\",\"url\":\"https:\/\/giacomostipitivich.com\/?page_id=328\",\"name\":\"A.D. 1348 - La congiura dei sopravvissuti - Giacomo Stipitivich\",\"isPartOf\":{\"@id\":\"http:\/\/box2128.temp.domains\/~giacomp4\/#website\"},\"datePublished\":\"2024-10-31T16:09:21+00:00\",\"dateModified\":\"2024-11-04T11:49:58+00:00\",\"breadcrumb\":{\"@id\":\"https:\/\/giacomostipitivich.com\/?page_id=328#breadcrumb\"},\"inLanguage\":\"en-US\",\"potentialAction\":[{\"@type\":\"ReadAction\",\"target\":[\"https:\/\/giacomostipitivich.com\/?page_id=328\"]}]},{\"@type\":\"BreadcrumbList\",\"@id\":\"https:\/\/giacomostipitivich.com\/?page_id=328#breadcrumb\",\"itemListElement\":[{\"@type\":\"ListItem\",\"position\":1,\"name\":\"Home\",\"item\":\"https:\/\/giacomostipitivich.com\/\"},{\"@type\":\"ListItem\",\"position\":2,\"name\":\"A.D. 1348 &#8211; La congiura dei sopravvissuti\"}]},{\"@type\":\"WebSite\",\"@id\":\"http:\/\/box2128.temp.domains\/~giacomp4\/#website\",\"url\":\"http:\/\/box2128.temp.domains\/~giacomp4\/\",\"name\":\"Giacomo Stipitivich\",\"description\":\"\",\"potentialAction\":[{\"@type\":\"SearchAction\",\"target\":{\"@type\":\"EntryPoint\",\"urlTemplate\":\"http:\/\/box2128.temp.domains\/~giacomp4\/?s={search_term_string}\"},\"query-input\":{\"@type\":\"PropertyValueSpecification\",\"valueRequired\":true,\"valueName\":\"search_term_string\"}}],\"inLanguage\":\"en-US\"}]}<\/script>\n<!-- \/ Yoast SEO plugin. -->","yoast_head_json":{"title":"A.D. 1348 - La congiura dei sopravvissuti - Giacomo Stipitivich","robots":{"index":"index","follow":"follow","max-snippet":"max-snippet:-1","max-image-preview":"max-image-preview:large","max-video-preview":"max-video-preview:-1"},"canonical":"https:\/\/giacomostipitivich.com\/?page_id=328","og_locale":"en_US","og_type":"article","og_title":"A.D. 1348 - La congiura dei sopravvissuti - Giacomo Stipitivich","og_description":"Anno Domini 1343. Nella colonia veneziana di Tana, al confine dell'impero dei Tartari, una rissa tra mercanti costringe il giovane patrizio Michele Zorzi a fuggire verso oriente insieme al nobile genovese Baliano. Sotto il cielo della steppa, i due stringono un'amicizia destinata ad essere messa innumerevoli volte alla prova. Nel frattempo, in un mondo funestato [&hellip;]","og_url":"https:\/\/giacomostipitivich.com\/?page_id=328","og_site_name":"Giacomo Stipitivich","article_modified_time":"2024-11-04T11:49:58+00:00","twitter_card":"summary_large_image","twitter_misc":{"Est. reading time":"2 minutes"},"schema":{"@context":"https:\/\/schema.org","@graph":[{"@type":"WebPage","@id":"https:\/\/giacomostipitivich.com\/?page_id=328","url":"https:\/\/giacomostipitivich.com\/?page_id=328","name":"A.D. 1348 - La congiura dei sopravvissuti - Giacomo Stipitivich","isPartOf":{"@id":"http:\/\/box2128.temp.domains\/~giacomp4\/#website"},"datePublished":"2024-10-31T16:09:21+00:00","dateModified":"2024-11-04T11:49:58+00:00","breadcrumb":{"@id":"https:\/\/giacomostipitivich.com\/?page_id=328#breadcrumb"},"inLanguage":"en-US","potentialAction":[{"@type":"ReadAction","target":["https:\/\/giacomostipitivich.com\/?page_id=328"]}]},{"@type":"BreadcrumbList","@id":"https:\/\/giacomostipitivich.com\/?page_id=328#breadcrumb","itemListElement":[{"@type":"ListItem","position":1,"name":"Home","item":"https:\/\/giacomostipitivich.com\/"},{"@type":"ListItem","position":2,"name":"A.D. 1348 &#8211; La congiura dei sopravvissuti"}]},{"@type":"WebSite","@id":"http:\/\/box2128.temp.domains\/~giacomp4\/#website","url":"http:\/\/box2128.temp.domains\/~giacomp4\/","name":"Giacomo Stipitivich","description":"","potentialAction":[{"@type":"SearchAction","target":{"@type":"EntryPoint","urlTemplate":"http:\/\/box2128.temp.domains\/~giacomp4\/?s={search_term_string}"},"query-input":{"@type":"PropertyValueSpecification","valueRequired":true,"valueName":"search_term_string"}}],"inLanguage":"en-US"}]}},"jetpack_sharing_enabled":true,"_links":{"self":[{"href":"https:\/\/giacomostipitivich.com\/index.php?rest_route=\/wp\/v2\/pages\/328","targetHints":{"allow":["GET"]}}],"collection":[{"href":"https:\/\/giacomostipitivich.com\/index.php?rest_route=\/wp\/v2\/pages"}],"about":[{"href":"https:\/\/giacomostipitivich.com\/index.php?rest_route=\/wp\/v2\/types\/page"}],"author":[{"embeddable":true,"href":"https:\/\/giacomostipitivich.com\/index.php?rest_route=\/wp\/v2\/users\/4"}],"replies":[{"embeddable":true,"href":"https:\/\/giacomostipitivich.com\/index.php?rest_route=%2Fwp%2Fv2%2Fcomments&post=328"}],"version-history":[{"count":4,"href":"https:\/\/giacomostipitivich.com\/index.php?rest_route=\/wp\/v2\/pages\/328\/revisions"}],"predecessor-version":[{"id":336,"href":"https:\/\/giacomostipitivich.com\/index.php?rest_route=\/wp\/v2\/pages\/328\/revisions\/336"}],"wp:attachment":[{"href":"https:\/\/giacomostipitivich.com\/index.php?rest_route=%2Fwp%2Fv2%2Fmedia&parent=328"}],"curies":[{"name":"wp","href":"https:\/\/api.w.org\/{rel}","templated":true}]}}